{"id":1216,"date":"2024-08-10T19:24:47","date_gmt":"2024-08-10T13:54:47","guid":{"rendered":"https:\/\/olyve.tanshcreative.com\/?page_id=1216"},"modified":"2025-08-28T18:51:02","modified_gmt":"2025-08-28T16:51:02","slug":"digital-branding","status":"publish","type":"page","link":"https:\/\/descroix-architecture.com\/?page_id=1216","title":{"rendered":"Projet architectural"},"content":{"rendered":"\t\t<div data-elementor-type=\"wp-page\" data-elementor-id=\"1216\" class=\"elementor elementor-1216\">\n\t\t\t\t<section class=\"elementor-element elementor-element-28ddd56f e-flex e-con-boxed e-con e-parent\" data-id=\"28ddd56f\" data-element_type=\"container\">\n\t\t\t\t\t<div class=\"e-con-inner\">\n\t\t<div class=\"elementor-element elementor-element-17e1bf45 e-con-full e-flex e-con e-child\" data-id=\"17e1bf45\" data-element_type=\"container\">\n\t\t<div class=\"elementor-element elementor-element-4c4bf563 e-con-full e-flex e-con e-child\" data-id=\"4c4bf563\" data-element_type=\"container\" data-settings=\"{&quot;background_background&quot;:&quot;classic&quot;}\">\n\t\t\t\t<div class=\"elementor-element elementor-element-1dcaecce elementor-align-left elementor-widget elementor-widget-dtr-theme-heading\" data-id=\"1dcaecce\" data-element_type=\"widget\" data-widget_type=\"dtr-theme-heading.default\">\n\t\t\t\t<div class=\"elementor-widget-container\">\n\t\t\t\t\t            <h4 class=\"dtr-heading dtr-heading__default dtr-text--color-three\">Services<\/h4>\r\n    \t\t\t\t<\/div>\n\t\t\t\t<\/div>\n\t\t\t\t<div class=\"elementor-element elementor-element-73765c06 elementor-widget elementor-widget-spacer\" data-id=\"73765c06\" data-element_type=\"widget\" data-widget_type=\"spacer.default\">\n\t\t\t\t<div class=\"elementor-widget-container\">\n\t\t\t\t\t\t\t<div class=\"elementor-spacer\">\n\t\t\t<div class=\"elementor-spacer-inner\"><\/div>\n\t\t<\/div>\n\t\t\t\t\t\t<\/div>\n\t\t\t\t<\/div>\n\t\t\t\t<div class=\"elementor-element elementor-element-432e16d4 elementor-widget elementor-widget-wp-widget-nav_menu\" data-id=\"432e16d4\" data-element_type=\"widget\" data-widget_type=\"wp-widget-nav_menu.default\">\n\t\t\t\t<div class=\"elementor-widget-container\">\n\t\t\t\t\t<nav class=\"menu-services-menu-container\" aria-label=\"Menu\"><ul id=\"menu-services-menu\" class=\"menu\"><li id=\"menu-item-1340\" class=\"menu-item menu-item-type-post_type menu-item-object-page menu-item-1340\"><a href=\"https:\/\/descroix-architecture.com\/?page_id=1216\">Projet architectural<\/a><\/li>\n<li id=\"menu-item-1339\" class=\"menu-item menu-item-type-post_type menu-item-object-page menu-item-1339\"><a href=\"https:\/\/descroix-architecture.com\/?page_id=1324\">Esquisses<\/a><\/li>\n<li id=\"menu-item-1338\" class=\"menu-item menu-item-type-post_type menu-item-object-page menu-item-1338\"><a href=\"https:\/\/descroix-architecture.com\/?page_id=1328\">Autorisations<\/a><\/li>\n<li id=\"menu-item-1337\" class=\"menu-item menu-item-type-post_type menu-item-object-page menu-item-1337\"><a href=\"https:\/\/descroix-architecture.com\/?page_id=1332\">Chantier<\/a><\/li>\n<\/ul><\/nav>\t\t\t\t<\/div>\n\t\t\t\t<\/div>\n\t\t\t\t<\/div>\n\t\t\t\t<\/div>\n\t\t<div class=\"elementor-element elementor-element-551d36ed e-con-full e-flex e-con e-child\" data-id=\"551d36ed\" data-element_type=\"container\">\n\t\t\t\t<div class=\"elementor-element elementor-element-ca91681 elementor-widget elementor-widget-image\" data-id=\"ca91681\" data-element_type=\"widget\" data-widget_type=\"image.default\">\n\t\t\t\t<div class=\"elementor-widget-container\">\n\t\t\t\t\t\t\t\t\t\t\t\t\t\t\t<img decoding=\"async\" src=\"https:\/\/descroix-architecture.com\/wp-content\/uploads\/2024\/08\/folio-item-img6.jpg\" title=\"folio-item-img6\" alt=\"folio-item-img6\" loading=\"lazy\" \/>\t\t\t\t\t\t\t\t\t\t\t\t\t\t\t<\/div>\n\t\t\t\t<\/div>\n\t\t\t\t<div class=\"elementor-element elementor-element-5a10f463 elementor-align-left elementor-widget elementor-widget-dtr-theme-heading\" data-id=\"5a10f463\" data-element_type=\"widget\" data-widget_type=\"dtr-theme-heading.default\">\n\t\t\t\t<div class=\"elementor-widget-container\">\n\t\t\t\t\t            <h3 class=\"dtr-heading dtr-heading__default dtr-text--color-three\">Votre projet de A  \u00e0 Z<\/h3>\r\n    \t\t\t\t<\/div>\n\t\t\t\t<\/div>\n\t\t\t\t<div class=\"elementor-element elementor-element-18a0f10b elementor-widget elementor-widget-text-editor\" data-id=\"18a0f10b\" data-element_type=\"widget\" data-widget_type=\"text-editor.default\">\n\t\t\t\t<div class=\"elementor-widget-container\">\n\t\t\t\t\t\t\t\t\t<p>Selon l&#8217;article 1 de la loi n\u00b077-2 du 03 janvier 1977:<\/p><p><em>&#8221; La cr\u00e9ation architecturale, la qualit\u00e9 des constructions, leur insertion harmonieuse dans le milieu environnant, le respect des paysages naturels ou urbains ainsi que du patrimoine sont d&#8217;int\u00e9r\u00eat public.&#8221;<\/em><\/p><p>L&#8217;architecte est le garant de la qualit\u00e9 architecturale, sa mission est d&#8217;int\u00e9r\u00eat public. C&#8217;est aussi un &#8220;chef d&#8217;orchestre&#8221;, interlocuteur privil\u00e9gi\u00e9 et central dans l&#8217;acte b\u00e2tir, il coordonne tous les autres m\u00e9tiers de la construction: ma\u00eetres d&#8217;ouvrage, bureaux d&#8217;\u00e9tudes, entreprises etc&#8230;<\/p><p>Depuis les \u00e9tudes pr\u00e9liminaires d&#8217;esquisses jusqu&#8217;\u00e0 la r\u00e9ception de votre chantier en passant par le d\u00e9p\u00f4t du permis de construire, la coh\u00e9rence de votre projet est rendue possible par le concours de l&#8217;architecte.<\/p>\t\t\t\t\t\t\t\t<\/div>\n\t\t\t\t<\/div>\n\t\t\t\t<div class=\"elementor-element elementor-element-717bfebc elementor-widget elementor-widget-heading\" data-id=\"717bfebc\" data-element_type=\"widget\" data-widget_type=\"heading.default\">\n\t\t\t\t<div class=\"elementor-widget-container\">\n\t\t\t\t\t<h5 class=\"elementor-heading-title elementor-size-default\">\u00c9l\u00e9ments cl\u00e9s<\/h5>\t\t\t\t<\/div>\n\t\t\t\t<\/div>\n\t\t\t\t<div class=\"elementor-element elementor-element-28e8cfd5 elementor-widget elementor-widget-dtr-iconhead\" data-id=\"28e8cfd5\" data-element_type=\"widget\" data-widget_type=\"dtr-iconhead.default\">\n\t\t\t\t<div class=\"elementor-widget-container\">\n\t\t\t\t\t        <div class=\"dtr-iconhead dtr-iconhead--align-left dtr-iconhead--style-default  dtr-radius--round\">\r\n        <div class=\"dtr-icon dtr-iconhead__icon\">\r\n                                 <i class=\"icon-box-fill\" aria-hidden=\"true\"><\/i>\r\n                   \r\n            <\/div>\r\n                        \t<p class=\"dtr-iconhead__heading\">Accompagnement<\/p>\r\n                        <\/div>\r\n\t\t\t\t<\/div>\n\t\t\t\t<\/div>\n\t\t\t\t<div class=\"elementor-element elementor-element-14342f41 elementor-widget elementor-widget-text-editor\" data-id=\"14342f41\" data-element_type=\"widget\" data-widget_type=\"text-editor.default\">\n\t\t\t\t<div class=\"elementor-widget-container\">\n\t\t\t\t\t\t\t\t\t<p>Accompagnement<\/p>\t\t\t\t\t\t\t\t<\/div>\n\t\t\t\t<\/div>\n\t\t\t\t<div class=\"elementor-element elementor-element-5528ffdf elementor-widget elementor-widget-dtr-iconhead\" data-id=\"5528ffdf\" data-element_type=\"widget\" data-widget_type=\"dtr-iconhead.default\">\n\t\t\t\t<div class=\"elementor-widget-container\">\n\t\t\t\t\t        <div class=\"dtr-iconhead dtr-iconhead--align-left dtr-iconhead--style-default  dtr-radius--round\">\r\n        <div class=\"dtr-icon dtr-iconhead__icon\">\r\n                                 <i class=\"icon-hand-thumbs-up-fill\" aria-hidden=\"true\"><\/i>\r\n                   \r\n            <\/div>\r\n                        \t<p class=\"dtr-iconhead__heading\">Conseil<\/p>\r\n                        <\/div>\r\n\t\t\t\t<\/div>\n\t\t\t\t<\/div>\n\t\t\t\t<div class=\"elementor-element elementor-element-11a0a709 elementor-widget elementor-widget-text-editor\" data-id=\"11a0a709\" data-element_type=\"widget\" data-widget_type=\"text-editor.default\">\n\t\t\t\t<div class=\"elementor-widget-container\">\n\t\t\t\t\t\t\t\t\t<p>L&#8217;architecte a un devoir de conseil<\/p>\t\t\t\t\t\t\t\t<\/div>\n\t\t\t\t<\/div>\n\t\t\t\t<div class=\"elementor-element elementor-element-7c5108e4 elementor-widget elementor-widget-dtr-iconhead\" data-id=\"7c5108e4\" data-element_type=\"widget\" data-widget_type=\"dtr-iconhead.default\">\n\t\t\t\t<div class=\"elementor-widget-container\">\n\t\t\t\t\t        <div class=\"dtr-iconhead dtr-iconhead--align-left dtr-iconhead--style-default  dtr-radius--round\">\r\n        <div class=\"dtr-icon dtr-iconhead__icon\">\r\n                                 <i class=\"icon-bullseye\" aria-hidden=\"true\"><\/i>\r\n                   \r\n            <\/div>\r\n                        \t<p class=\"dtr-iconhead__heading\">Suivi<\/p>\r\n                        <\/div>\r\n\t\t\t\t<\/div>\n\t\t\t\t<\/div>\n\t\t\t\t<div class=\"elementor-element elementor-element-5958787d elementor-widget elementor-widget-text-editor\" data-id=\"5958787d\" data-element_type=\"widget\" data-widget_type=\"text-editor.default\">\n\t\t\t\t<div class=\"elementor-widget-container\">\n\t\t\t\t\t\t\t\t\t<p>Suivi<\/p>\t\t\t\t\t\t\t\t<\/div>\n\t\t\t\t<\/div>\n\t\t\t\t<\/div>\n\t\t\t\t\t<\/div>\n\t\t\t\t<\/section>\n\t\t\t\t<\/div>\n\t\t","protected":false},"excerpt":{"rendered":"<p>Services Votre projet de A \u00e0 Z Selon l&#8217;article 1 de la loi n\u00b077-2 du 03 janvier 1977: &#8221; La cr\u00e9ation architecturale, la qualit\u00e9 des constructions, leur insertion harmonieuse dans le milieu environnant, le respect des paysages naturels ou urbains ainsi que du patrimoine sont d&#8217;int\u00e9r\u00eat public.&#8221; L&#8217;architecte est le garant de la qualit\u00e9 architecturale, [&hellip;]<\/p>\n","protected":false},"author":1,"featured_media":0,"parent":0,"menu_order":0,"comment_status":"closed","ping_status":"closed","template":"","meta":{"_monsterinsights_skip_tracking":false,"_monsterinsights_sitenote_active":false,"_monsterinsights_sitenote_note":"","_monsterinsights_sitenote_category":0,"footnotes":""},"class_list":["post-1216","page","type-page","status-publish","hentry"],"aioseo_notices":[],"_links":{"self":[{"href":"https:\/\/descroix-architecture.com\/index.php?rest_route=\/wp\/v2\/pages\/1216","targetHints":{"allow":["GET"]}}],"collection":[{"href":"https:\/\/descroix-architecture.com\/index.php?rest_route=\/wp\/v2\/pages"}],"about":[{"href":"https:\/\/descroix-architecture.com\/index.php?rest_route=\/wp\/v2\/types\/page"}],"author":[{"embeddable":true,"href":"https:\/\/descroix-architecture.com\/index.php?rest_route=\/wp\/v2\/users\/1"}],"replies":[{"embeddable":true,"href":"https:\/\/descroix-architecture.com\/index.php?rest_route=%2Fwp%2Fv2%2Fcomments&post=1216"}],"version-history":[{"count":13,"href":"https:\/\/descroix-architecture.com\/index.php?rest_route=\/wp\/v2\/pages\/1216\/revisions"}],"predecessor-version":[{"id":2817,"href":"https:\/\/descroix-architecture.com\/index.php?rest_route=\/wp\/v2\/pages\/1216\/revisions\/2817"}],"wp:attachment":[{"href":"https:\/\/descroix-architecture.com\/index.php?rest_route=%2Fwp%2Fv2%2Fmedia&parent=1216"}],"curies":[{"name":"wp","href":"https:\/\/api.w.org\/{rel}","templated":true}]}}