{"id":1324,"date":"2024-08-10T21:02:44","date_gmt":"2024-08-10T15:32:44","guid":{"rendered":"https:\/\/olyve.tanshcreative.com\/?page_id=1324"},"modified":"2025-08-28T18:41:23","modified_gmt":"2025-08-28T16:41:23","slug":"visual-design","status":"publish","type":"page","link":"https:\/\/descroix-architecture.com\/?page_id=1324","title":{"rendered":"Esquisses"},"content":{"rendered":"\t\t<div data-elementor-type=\"wp-page\" data-elementor-id=\"1324\" class=\"elementor elementor-1324\">\n\t\t\t\t<section class=\"elementor-element elementor-element-2221451a e-flex e-con-boxed e-con e-parent\" data-id=\"2221451a\" data-element_type=\"container\">\n\t\t\t\t\t<div class=\"e-con-inner\">\n\t\t<div class=\"elementor-element elementor-element-66bf88c4 e-con-full e-flex e-con e-child\" data-id=\"66bf88c4\" data-element_type=\"container\">\n\t\t<div class=\"elementor-element elementor-element-518721ff e-con-full e-flex e-con e-child\" data-id=\"518721ff\" data-element_type=\"container\" data-settings=\"{&quot;background_background&quot;:&quot;classic&quot;}\">\n\t\t\t\t<div class=\"elementor-element elementor-element-6a15a497 elementor-align-left elementor-widget elementor-widget-dtr-theme-heading\" data-id=\"6a15a497\" data-element_type=\"widget\" data-widget_type=\"dtr-theme-heading.default\">\n\t\t\t\t<div class=\"elementor-widget-container\">\n\t\t\t\t\t            <h4 class=\"dtr-heading dtr-heading__default dtr-text--color-three\">Missions<\/h4>\r\n    \t\t\t\t<\/div>\n\t\t\t\t<\/div>\n\t\t\t\t<div class=\"elementor-element elementor-element-6b363245 elementor-widget elementor-widget-spacer\" data-id=\"6b363245\" data-element_type=\"widget\" data-widget_type=\"spacer.default\">\n\t\t\t\t<div class=\"elementor-widget-container\">\n\t\t\t\t\t\t\t<div class=\"elementor-spacer\">\n\t\t\t<div class=\"elementor-spacer-inner\"><\/div>\n\t\t<\/div>\n\t\t\t\t\t\t<\/div>\n\t\t\t\t<\/div>\n\t\t\t\t<div class=\"elementor-element elementor-element-25ab3b04 elementor-widget elementor-widget-wp-widget-nav_menu\" data-id=\"25ab3b04\" data-element_type=\"widget\" data-widget_type=\"wp-widget-nav_menu.default\">\n\t\t\t\t<div class=\"elementor-widget-container\">\n\t\t\t\t\t<nav class=\"menu-services-menu-container\" aria-label=\"Menu\"><ul id=\"menu-services-menu\" class=\"menu\"><li id=\"menu-item-1340\" class=\"menu-item menu-item-type-post_type menu-item-object-page menu-item-1340\"><a href=\"https:\/\/descroix-architecture.com\/?page_id=1216\">Projet architectural<\/a><\/li>\n<li id=\"menu-item-1339\" class=\"menu-item menu-item-type-post_type menu-item-object-page menu-item-1339\"><a href=\"https:\/\/descroix-architecture.com\/?page_id=1324\">Esquisses<\/a><\/li>\n<li id=\"menu-item-1338\" class=\"menu-item menu-item-type-post_type menu-item-object-page menu-item-1338\"><a href=\"https:\/\/descroix-architecture.com\/?page_id=1328\">Autorisations<\/a><\/li>\n<li id=\"menu-item-1337\" class=\"menu-item menu-item-type-post_type menu-item-object-page menu-item-1337\"><a href=\"https:\/\/descroix-architecture.com\/?page_id=1332\">Chantier<\/a><\/li>\n<\/ul><\/nav>\t\t\t\t<\/div>\n\t\t\t\t<\/div>\n\t\t\t\t<\/div>\n\t\t\t\t<\/div>\n\t\t<div class=\"elementor-element elementor-element-2e547df1 e-con-full e-flex e-con e-child\" data-id=\"2e547df1\" data-element_type=\"container\">\n\t\t\t\t<div class=\"elementor-element elementor-element-54bdf1b7 elementor-widget elementor-widget-image\" data-id=\"54bdf1b7\" data-element_type=\"widget\" data-widget_type=\"image.default\">\n\t\t\t\t<div class=\"elementor-widget-container\">\n\t\t\t\t\t\t\t\t\t\t\t\t\t\t\t<img decoding=\"async\" src=\"https:\/\/descroix-architecture.com\/wp-content\/uploads\/2025\/08\/LOGO-ESQ-scaled.jpg\" title=\"LOGO ESQ\" alt=\"LOGO ESQ\" loading=\"lazy\" \/>\t\t\t\t\t\t\t\t\t\t\t\t\t\t\t<\/div>\n\t\t\t\t<\/div>\n\t\t\t\t<div class=\"elementor-element elementor-element-dca06f5 elementor-align-left elementor-widget elementor-widget-dtr-theme-heading\" data-id=\"dca06f5\" data-element_type=\"widget\" data-widget_type=\"dtr-theme-heading.default\">\n\t\t\t\t<div class=\"elementor-widget-container\">\n\t\t\t\t\t            <h3 class=\"dtr-heading dtr-heading__default dtr-text--color-three\">Esquisses<\/h3>\r\n    \t\t\t\t<\/div>\n\t\t\t\t<\/div>\n\t\t\t\t<div class=\"elementor-element elementor-element-6e352d42 elementor-widget elementor-widget-text-editor\" data-id=\"6e352d42\" data-element_type=\"widget\" data-widget_type=\"text-editor.default\">\n\t\t\t\t<div class=\"elementor-widget-container\">\n\t\t\t\t\t\t\t\t\t<p>Les esquisses constituent une premi\u00e8re traduction en dessin par l&#8217;architecte des envies et des besoins du client.\u00a0<\/p>\t\t\t\t\t\t\t\t<\/div>\n\t\t\t\t<\/div>\n\t\t\t\t<div class=\"elementor-element elementor-element-47caf105 elementor-widget elementor-widget-heading\" data-id=\"47caf105\" data-element_type=\"widget\" data-widget_type=\"heading.default\">\n\t\t\t\t<div class=\"elementor-widget-container\">\n\t\t\t\t\t<h5 class=\"elementor-heading-title elementor-size-default\">CONTENU<\/h5>\t\t\t\t<\/div>\n\t\t\t\t<\/div>\n\t\t\t\t<div class=\"elementor-element elementor-element-5e076256 elementor-widget elementor-widget-dtr-iconhead\" data-id=\"5e076256\" data-element_type=\"widget\" data-widget_type=\"dtr-iconhead.default\">\n\t\t\t\t<div class=\"elementor-widget-container\">\n\t\t\t\t\t        <div class=\"dtr-iconhead dtr-iconhead--align-left dtr-iconhead--style-default  dtr-radius--round\">\r\n        <div class=\"dtr-icon dtr-iconhead__icon\">\r\n                                 <i class=\"icon-buildings\" aria-hidden=\"true\"><\/i>\r\n                   \r\n            <\/div>\r\n                        \t<p class=\"dtr-iconhead__heading\">Analyse des r\u00e8gles d'urbanisme<\/p>\r\n                        <\/div>\r\n\t\t\t\t<\/div>\n\t\t\t\t<\/div>\n\t\t\t\t<div class=\"elementor-element elementor-element-6ade9fc1 elementor-widget elementor-widget-text-editor\" data-id=\"6ade9fc1\" data-element_type=\"widget\" data-widget_type=\"text-editor.default\">\n\t\t\t\t<div class=\"elementor-widget-container\">\n\t\t\t\t\t\t\t\t\t<p>En tout premier lieu, il est indispensable d&#8217;analyser les r\u00e8gles sp\u00e9cifiques du Plan Local d&#8217;Urbanisme de la ville o\u00f9 se situe le projet. Ces r\u00e8gles vont d\u00e9terminer la faisabilit\u00e9 effective de votre projet: implantation sur la parcelle, emprise au sol du b\u00e2ti, prospect, hauteurs, volum\u00e9trie, mat\u00e9riaux et aspect ext\u00e9rieur etc.<\/p><p>A cette \u00e9tape, il est aussi important de v\u00e9rifier si votre terrain est situ\u00e9 dans une zone sp\u00e9cifique:<\/p><p>secteur ABF (Architecte des B\u00e2timents de France) de protection du patrimoine \/ zone inondable avec PPRI (Plan de Pr\u00e9vention des Risque d&#8217;Inondation) \/ zone sismique etc&#8230;<\/p>\t\t\t\t\t\t\t\t<\/div>\n\t\t\t\t<\/div>\n\t\t\t\t<div class=\"elementor-element elementor-element-74dba10 elementor-widget elementor-widget-dtr-iconhead\" data-id=\"74dba10\" data-element_type=\"widget\" data-widget_type=\"dtr-iconhead.default\">\n\t\t\t\t<div class=\"elementor-widget-container\">\n\t\t\t\t\t        <div class=\"dtr-iconhead dtr-iconhead--align-left dtr-iconhead--style-default  dtr-radius--round\">\r\n        <div class=\"dtr-icon dtr-iconhead__icon\">\r\n                                 <i class=\"icon-stumbleupon\" aria-hidden=\"true\"><\/i>\r\n                   \r\n            <\/div>\r\n                        \t<p class=\"dtr-iconhead__heading\">Esquisses<\/p>\r\n                        <\/div>\r\n\t\t\t\t<\/div>\n\t\t\t\t<\/div>\n\t\t\t\t<div class=\"elementor-element elementor-element-72d4128b elementor-widget elementor-widget-text-editor\" data-id=\"72d4128b\" data-element_type=\"widget\" data-widget_type=\"text-editor.default\">\n\t\t\t\t<div class=\"elementor-widget-container\">\n\t\t\t\t\t\t\t\t\t<p>Plusieurs solutions r\u00e9pondant au programme du client sont alors \u00e9tudi\u00e9es.<br \/>Elles pr\u00e9cisent l\u2019implantation sur le terrain (plan masse), l\u2019orientation, les acc\u00e8s, l\u2019enveloppe ext\u00e9rieure avec ses ouvertures principales, l\u2019organisation des espaces et leurs liaisons (en plan et en coupe), ainsi qu\u2019un principe de volum\u00e9trie et de fa\u00e7ade.<\/p>\t\t\t\t\t\t\t\t<\/div>\n\t\t\t\t<\/div>\n\t\t\t\t<\/div>\n\t\t\t\t\t<\/div>\n\t\t\t\t<\/section>\n\t\t\t\t<\/div>\n\t\t","protected":false},"excerpt":{"rendered":"<p>Missions Esquisses Les esquisses constituent une premi\u00e8re traduction en dessin par l&#8217;architecte des envies et des besoins du client.\u00a0 CONTENU Analyse des r\u00e8gles d&#8217;urbanisme En tout premier lieu, il est indispensable d&#8217;analyser les r\u00e8gles sp\u00e9cifiques du Plan Local d&#8217;Urbanisme de la ville o\u00f9 se situe le projet. Ces r\u00e8gles vont d\u00e9terminer la faisabilit\u00e9 effective de [&hellip;]<\/p>\n","protected":false},"author":1,"featured_media":0,"parent":0,"menu_order":0,"comment_status":"closed","ping_status":"closed","template":"","meta":{"_monsterinsights_skip_tracking":false,"_monsterinsights_sitenote_active":false,"_monsterinsights_sitenote_note":"","_monsterinsights_sitenote_category":0,"footnotes":""},"class_list":["post-1324","page","type-page","status-publish","hentry"],"aioseo_notices":[],"_links":{"self":[{"href":"https:\/\/descroix-architecture.com\/index.php?rest_route=\/wp\/v2\/pages\/1324","targetHints":{"allow":["GET"]}}],"collection":[{"href":"https:\/\/descroix-architecture.com\/index.php?rest_route=\/wp\/v2\/pages"}],"about":[{"href":"https:\/\/descroix-architecture.com\/index.php?rest_route=\/wp\/v2\/types\/page"}],"author":[{"embeddable":true,"href":"https:\/\/descroix-architecture.com\/index.php?rest_route=\/wp\/v2\/users\/1"}],"replies":[{"embeddable":true,"href":"https:\/\/descroix-architecture.com\/index.php?rest_route=%2Fwp%2Fv2%2Fcomments&post=1324"}],"version-history":[{"count":25,"href":"https:\/\/descroix-architecture.com\/index.php?rest_route=\/wp\/v2\/pages\/1324\/revisions"}],"predecessor-version":[{"id":2811,"href":"https:\/\/descroix-architecture.com\/index.php?rest_route=\/wp\/v2\/pages\/1324\/revisions\/2811"}],"wp:attachment":[{"href":"https:\/\/descroix-architecture.com\/index.php?rest_route=%2Fwp%2Fv2%2Fmedia&parent=1324"}],"curies":[{"name":"wp","href":"https:\/\/api.w.org\/{rel}","templated":true}]}}